{"id":503,"date":"2024-01-08T15:30:56","date_gmt":"2024-01-08T15:30:56","guid":{"rendered":"https:\/\/b2b001.wpkz.cc\/?page_id=503"},"modified":"2024-01-13T13:01:49","modified_gmt":"2024-01-13T13:01:49","slug":"logistics-information","status":"publish","type":"page","link":"https:\/\/www.leadeverfuture.com\/pt\/logistics-information\/","title":{"rendered":"Logistics Information"},"content":{"rendered":"<p>\u8bf7\u6839\u636e\u81ea\u5df1\u7684\u9700\u6c42\u6dfb\u52a0\u5185\u5bb9<\/p>","protected":false},"excerpt":{"rendered":"<p>\u8bf7\u6839\u636e\u81ea\u5df1\u7684\u9700\u6c42\u6dfb\u52a0\u5185\u5bb9<\/p>","protected":false},"author":1,"featured_media":0,"parent":0,"menu_order":0,"comment_status":"closed","ping_status":"closed","template":"","meta":{"_acf_changed":false,"_gspb_post_css":"","footnotes":""},"class_list":["post-503","page","type-page","status-publish","hentry"],"blocksy_meta":{"page_structure_type":"type-3","styles_descriptor":{"styles":{"desktop":"","tablet":"","mobile":""},"google_fonts":[],"version":6}},"yoast_head":"<!-- This site is optimized with the Yoast SEO plugin v27.0 - https:\/\/yoast.com\/product\/yoast-seo-wordpress\/ -->\n<title>Logistics Information - Delta Power Supply Solutions, Industrial Switching, UPS &amp; Modular Power \u2013 Machine Stable<\/title>\n<meta name=\"robots\" content=\"index, follow, max-snippet:-1, max-image-preview:large, max-video-preview:-1\" \/>\n<link rel=\"canonical\" href=\"https:\/\/www.leadeverfuture.com\/pt\/logistics-information\/\" \/>\n<meta property=\"og:locale\" content=\"pt_PT\" \/>\n<meta property=\"og:type\" content=\"article\" \/>\n<meta property=\"og:title\" content=\"Logistics Information - Delta Power Supply Solutions, Industrial Switching, UPS &amp; Modular Power \u2013 Machine Stable\" \/>\n<meta property=\"og:description\" content=\"\u8bf7\u6839\u636e\u81ea\u5df1\u7684\u9700\u6c42\u6dfb\u52a0\u5185\u5bb9\" \/>\n<meta property=\"og:url\" content=\"https:\/\/www.leadeverfuture.com\/pt\/logistics-information\/\" \/>\n<meta property=\"og:site_name\" content=\"Delta Power Supply Solutions, Industrial Switching, UPS &amp; Modular Power \u2013 Machine Stable\" \/>\n<meta property=\"article:modified_time\" content=\"2024-01-13T13:01:49+00:00\" \/>\n<meta name=\"twitter:card\" content=\"summary_large_image\" \/>\n<script type=\"application\/ld+json\" class=\"yoast-schema-graph\">{\"@context\":\"https:\/\/schema.org\",\"@graph\":[{\"@type\":\"WebPage\",\"@id\":\"https:\/\/www.leadeverfuture.com\/logistics-information\/\",\"url\":\"https:\/\/www.leadeverfuture.com\/logistics-information\/\",\"name\":\"Logistics Information - Delta Power Supply Solutions, Industrial Switching, UPS &amp; Modular Power \u2013 Machine Stable\",\"isPartOf\":{\"@id\":\"https:\/\/www.leadeverfuture.com\/#website\"},\"datePublished\":\"2024-01-08T15:30:56+00:00\",\"dateModified\":\"2024-01-13T13:01:49+00:00\",\"breadcrumb\":{\"@id\":\"https:\/\/www.leadeverfuture.com\/logistics-information\/#breadcrumb\"},\"inLanguage\":\"pt-PT\",\"potentialAction\":[{\"@type\":\"ReadAction\",\"target\":[\"https:\/\/www.leadeverfuture.com\/logistics-information\/\"]}]},{\"@type\":\"BreadcrumbList\",\"@id\":\"https:\/\/www.leadeverfuture.com\/logistics-information\/#breadcrumb\",\"itemListElement\":[{\"@type\":\"ListItem\",\"position\":1,\"name\":\"\u9996\u9875\",\"item\":\"https:\/\/www.leadeverfuture.com\/\"},{\"@type\":\"ListItem\",\"position\":2,\"name\":\"Logistics Information\"}]},{\"@type\":\"WebSite\",\"@id\":\"https:\/\/www.leadeverfuture.com\/#website\",\"url\":\"https:\/\/www.leadeverfuture.com\/\",\"name\":\"Delta Power Supply Solutions, Industrial Switching, UPS & Modular Power \u2013 Machine Stable\",\"description\":\"Comprehensive Industrial Power Solutions with Integration, Customization, and Technical Support\",\"publisher\":{\"@id\":\"https:\/\/www.leadeverfuture.com\/#\/schema\/person\/b6097a7f514d128279e1a156312166d2\"},\"alternateName\":\"Machine Stable\",\"potentialAction\":[{\"@type\":\"SearchAction\",\"target\":{\"@type\":\"EntryPoint\",\"urlTemplate\":\"https:\/\/www.leadeverfuture.com\/?s={search_term_string}\"},\"query-input\":{\"@type\":\"PropertyValueSpecification\",\"valueRequired\":true,\"valueName\":\"search_term_string\"}}],\"inLanguage\":\"pt-PT\"},{\"@type\":[\"Person\",\"Organization\"],\"@id\":\"https:\/\/www.leadeverfuture.com\/#\/schema\/person\/b6097a7f514d128279e1a156312166d2\",\"name\":\"deltaadministrator\",\"image\":{\"@type\":\"ImageObject\",\"inLanguage\":\"pt-PT\",\"@id\":\"https:\/\/www.leadeverfuture.com\/#\/schema\/person\/image\/\",\"url\":\"https:\/\/www.leadeverfuture.com\/wp-content\/uploads\/2025\/12\/leadever-future-logo-3.png\",\"contentUrl\":\"https:\/\/www.leadeverfuture.com\/wp-content\/uploads\/2025\/12\/leadever-future-logo-3.png\",\"width\":300,\"height\":49,\"caption\":\"deltaadministrator\"},\"logo\":{\"@id\":\"https:\/\/www.leadeverfuture.com\/#\/schema\/person\/image\/\"},\"sameAs\":[\"https:\/\/www.leadeverfuture.com\"]}]}<\/script>\n<!-- \/ Yoast SEO plugin. -->","yoast_head_json":{"title":"Logistics Information - Delta Power Supply Solutions, Industrial Switching, UPS &amp; Modular Power \u2013 Machine Stable","robots":{"index":"index","follow":"follow","max-snippet":"max-snippet:-1","max-image-preview":"max-image-preview:large","max-video-preview":"max-video-preview:-1"},"canonical":"https:\/\/www.leadeverfuture.com\/pt\/logistics-information\/","og_locale":"pt_PT","og_type":"article","og_title":"Logistics Information - Delta Power Supply Solutions, Industrial Switching, UPS &amp; Modular Power \u2013 Machine Stable","og_description":"\u8bf7\u6839\u636e\u81ea\u5df1\u7684\u9700\u6c42\u6dfb\u52a0\u5185\u5bb9","og_url":"https:\/\/www.leadeverfuture.com\/pt\/logistics-information\/","og_site_name":"Delta Power Supply Solutions, Industrial Switching, UPS &amp; Modular Power \u2013 Machine Stable","article_modified_time":"2024-01-13T13:01:49+00:00","twitter_card":"summary_large_image","schema":{"@context":"https:\/\/schema.org","@graph":[{"@type":"WebPage","@id":"https:\/\/www.leadeverfuture.com\/logistics-information\/","url":"https:\/\/www.leadeverfuture.com\/logistics-information\/","name":"Logistics Information - Delta Power Supply Solutions, Industrial Switching, UPS &amp; Modular Power \u2013 Machine Stable","isPartOf":{"@id":"https:\/\/www.leadeverfuture.com\/#website"},"datePublished":"2024-01-08T15:30:56+00:00","dateModified":"2024-01-13T13:01:49+00:00","breadcrumb":{"@id":"https:\/\/www.leadeverfuture.com\/logistics-information\/#breadcrumb"},"inLanguage":"pt-PT","potentialAction":[{"@type":"ReadAction","target":["https:\/\/www.leadeverfuture.com\/logistics-information\/"]}]},{"@type":"BreadcrumbList","@id":"https:\/\/www.leadeverfuture.com\/logistics-information\/#breadcrumb","itemListElement":[{"@type":"ListItem","position":1,"name":"\u9996\u9875","item":"https:\/\/www.leadeverfuture.com\/"},{"@type":"ListItem","position":2,"name":"Logistics Information"}]},{"@type":"WebSite","@id":"https:\/\/www.leadeverfuture.com\/#website","url":"https:\/\/www.leadeverfuture.com\/","name":"Solu\u00e7\u00f5es de alimenta\u00e7\u00e3o el\u00e9ctrica Delta, comuta\u00e7\u00e3o industrial, UPS e alimenta\u00e7\u00e3o modular - M\u00e1quina est\u00e1vel","description":"Solu\u00e7\u00f5es abrangentes de energia industrial com integra\u00e7\u00e3o, personaliza\u00e7\u00e3o e suporte t\u00e9cnico","publisher":{"@id":"https:\/\/www.leadeverfuture.com\/#\/schema\/person\/b6097a7f514d128279e1a156312166d2"},"alternateName":"Machine Stable","potentialAction":[{"@type":"SearchAction","target":{"@type":"EntryPoint","urlTemplate":"https:\/\/www.leadeverfuture.com\/?s={search_term_string}"},"query-input":{"@type":"PropertyValueSpecification","valueRequired":true,"valueName":"search_term_string"}}],"inLanguage":"pt-PT"},{"@type":["Person","Organization"],"@id":"https:\/\/www.leadeverfuture.com\/#\/schema\/person\/b6097a7f514d128279e1a156312166d2","name":"deltaadministrador","image":{"@type":"ImageObject","inLanguage":"pt-PT","@id":"https:\/\/www.leadeverfuture.com\/#\/schema\/person\/image\/","url":"https:\/\/www.leadeverfuture.com\/wp-content\/uploads\/2025\/12\/leadever-future-logo-3.png","contentUrl":"https:\/\/www.leadeverfuture.com\/wp-content\/uploads\/2025\/12\/leadever-future-logo-3.png","width":300,"height":49,"caption":"deltaadministrator"},"logo":{"@id":"https:\/\/www.leadeverfuture.com\/#\/schema\/person\/image\/"},"sameAs":["https:\/\/www.leadeverfuture.com"]}]}},"acf":[],"_links":{"self":[{"href":"https:\/\/www.leadeverfuture.com\/pt\/wp-json\/wp\/v2\/pages\/503","targetHints":{"allow":["GET"]}}],"collection":[{"href":"https:\/\/www.leadeverfuture.com\/pt\/wp-json\/wp\/v2\/pages"}],"about":[{"href":"https:\/\/www.leadeverfuture.com\/pt\/wp-json\/wp\/v2\/types\/page"}],"author":[{"embeddable":true,"href":"https:\/\/www.leadeverfuture.com\/pt\/wp-json\/wp\/v2\/users\/1"}],"replies":[{"embeddable":true,"href":"https:\/\/www.leadeverfuture.com\/pt\/wp-json\/wp\/v2\/comments?post=503"}],"version-history":[{"count":0,"href":"https:\/\/www.leadeverfuture.com\/pt\/wp-json\/wp\/v2\/pages\/503\/revisions"}],"wp:attachment":[{"href":"https:\/\/www.leadeverfuture.com\/pt\/wp-json\/wp\/v2\/media?parent=503"}],"curies":[{"name":"wp","href":"https:\/\/api.w.org\/{rel}","templated":true}]}}